{"id":81,"date":"2025-05-15T19:24:06","date_gmt":"2025-05-15T17:24:06","guid":{"rendered":"https:\/\/esci.mmkt.me\/?post_type=product&#038;p=81"},"modified":"2025-05-16T16:47:32","modified_gmt":"2025-05-16T14:47:32","slug":"clase-de-cocina-local-en-sibenik-sabores-dalmatas-autenticos","status":"publish","type":"product","link":"https:\/\/esci.mmkt.me\/?product=clase-de-cocina-local-en-sibenik-sabores-dalmatas-autenticos","title":{"rendered":"Clase de cocina local en \u0160ibenik &#8211; Sabores d\u00e1lmatas aut\u00e9nticos"},"content":{"rendered":"<p>Aprende a cocinar platos t\u00edpicos de la costa d\u00e1lmata con chefs locales en el coraz\u00f3n de \u0160ibenik. Esta experiencia pr\u00e1ctica incluye la preparaci\u00f3n de 3 recetas tradicionales, ingredientes frescos del mercado, copa de bienvenida, delantal de regalo y una comida completa con vino local al final del taller.<\/p>\n<p>Perfecto para parejas, grupos peque\u00f1os y amantes de la buena cocina.<\/p>\n<p>Incluye: ingredientes, clase guiada (2,5 h), comida completa, vino, delantal.<\/p>\n","protected":false},"excerpt":{"rendered":"<p>Aprende a cocinar platos t\u00edpicos de la costa d\u00e1lmata con chefs locales en el coraz\u00f3n de \u0160ibenik. Esta experiencia pr\u00e1ctica incluye la preparaci\u00f3n de 3 recetas tradicionales, ingredientes frescos del mercado, copa de bienvenida, delantal de regalo y una comida completa con vino local al final del taller. Perfecto para parejas, grupos peque\u00f1os y amantes&#8230;<\/p>\n","protected":false},"featured_media":82,"comment_status":"open","ping_status":"closed","template":"","meta":{"_kad_post_transparent":"default","_kad_post_title":"","_kad_post_layout":"default","_kad_post_sidebar_id":"","_kad_post_content_style":"default","_kad_post_vertical_padding":"default","_kad_post_feature":"","_kad_post_feature_position":"","_kad_post_header":false,"_kad_post_footer":false},"product_brand":[],"product_cat":[17],"product_tag":[],"class_list":{"0":"post-81","1":"product","2":"type-product","3":"status-publish","4":"has-post-thumbnail","6":"product_cat-gastronomia","8":"first","9":"instock","10":"virtual","11":"purchasable","12":"product-type-simple","13":"entry","14":"content-bg","15":"loop-entry"},"yoast_head":"<!-- This site is optimized with the Yoast SEO plugin v25.1 - https:\/\/yoast.com\/wordpress\/plugins\/seo\/ -->\n<title>Clase de cocina local en \u0160ibenik - Sabores d\u00e1lmatas aut\u00e9nticos - \u0160i\u017egori\u0107 Palace Experiences\u200b<\/title>\n<meta name=\"description\" content=\"Descubre los sabores de Croacia cocinando platos t\u00edpicos con un chef local en \u0160ibenik. Una experiencia gastron\u00f3mica aut\u00e9ntica. \u00a1Reserva tu plaza\" \/>\n<meta name=\"robots\" content=\"index, follow, max-snippet:-1, max-image-preview:large, max-video-preview:-1\" \/>\n<link rel=\"canonical\" href=\"https:\/\/esci.mmkt.me\/?product=clase-de-cocina-local-en-sibenik-sabores-dalmatas-autenticos\" \/>\n<meta property=\"og:locale\" content=\"es_ES\" \/>\n<meta property=\"og:type\" content=\"article\" \/>\n<meta property=\"og:title\" content=\"Clase de cocina local en \u0160ibenik - Sabores d\u00e1lmatas aut\u00e9nticos - \u0160i\u017egori\u0107 Palace Experiences\u200b\" \/>\n<meta property=\"og:description\" content=\"Descubre los sabores de Croacia cocinando platos t\u00edpicos con un chef local en \u0160ibenik. Una experiencia gastron\u00f3mica aut\u00e9ntica. \u00a1Reserva tu plaza\" \/>\n<meta property=\"og:url\" content=\"https:\/\/esci.mmkt.me\/?product=clase-de-cocina-local-en-sibenik-sabores-dalmatas-autenticos\" \/>\n<meta property=\"og:site_name\" content=\"\u0160i\u017egori\u0107 Palace Experiences\u200b\" \/>\n<meta property=\"article:modified_time\" content=\"2025-05-16T14:47:32+00:00\" \/>\n<meta property=\"og:image\" content=\"https:\/\/esci.mmkt.me\/wp-content\/uploads\/2025\/05\/traditional-dalmatian-cooking-class.jpg\" \/>\n\t<meta property=\"og:image:width\" content=\"930\" \/>\n\t<meta property=\"og:image:height\" content=\"550\" \/>\n\t<meta property=\"og:image:type\" content=\"image\/jpeg\" \/>\n<meta name=\"twitter:card\" content=\"summary_large_image\" \/>\n<meta name=\"twitter:label1\" content=\"Tiempo de lectura\" \/>\n\t<meta name=\"twitter:data1\" content=\"1 minuto\" \/>\n<script type=\"application\/ld+json\" class=\"yoast-schema-graph\">{\"@context\":\"https:\/\/schema.org\",\"@graph\":[{\"@type\":\"WebPage\",\"@id\":\"https:\/\/esci.mmkt.me\/?product=clase-de-cocina-local-en-sibenik-sabores-dalmatas-autenticos\",\"url\":\"https:\/\/esci.mmkt.me\/?product=clase-de-cocina-local-en-sibenik-sabores-dalmatas-autenticos\",\"name\":\"Clase de cocina local en \u0160ibenik - Sabores d\u00e1lmatas aut\u00e9nticos - \u0160i\u017egori\u0107 Palace Experiences\u200b\",\"isPartOf\":{\"@id\":\"https:\/\/esci.mmkt.me\/#website\"},\"primaryImageOfPage\":{\"@id\":\"https:\/\/esci.mmkt.me\/?product=clase-de-cocina-local-en-sibenik-sabores-dalmatas-autenticos#primaryimage\"},\"image\":{\"@id\":\"https:\/\/esci.mmkt.me\/?product=clase-de-cocina-local-en-sibenik-sabores-dalmatas-autenticos#primaryimage\"},\"thumbnailUrl\":\"https:\/\/esci.mmkt.me\/wp-content\/uploads\/2025\/05\/traditional-dalmatian-cooking-class.jpg\",\"datePublished\":\"2025-05-15T17:24:06+00:00\",\"dateModified\":\"2025-05-16T14:47:32+00:00\",\"description\":\"Descubre los sabores de Croacia cocinando platos t\u00edpicos con un chef local en \u0160ibenik. Una experiencia gastron\u00f3mica aut\u00e9ntica. \u00a1Reserva tu plaza\",\"breadcrumb\":{\"@id\":\"https:\/\/esci.mmkt.me\/?product=clase-de-cocina-local-en-sibenik-sabores-dalmatas-autenticos#breadcrumb\"},\"inLanguage\":\"es\",\"potentialAction\":[{\"@type\":\"ReadAction\",\"target\":[\"https:\/\/esci.mmkt.me\/?product=clase-de-cocina-local-en-sibenik-sabores-dalmatas-autenticos\"]}]},{\"@type\":\"ImageObject\",\"inLanguage\":\"es\",\"@id\":\"https:\/\/esci.mmkt.me\/?product=clase-de-cocina-local-en-sibenik-sabores-dalmatas-autenticos#primaryimage\",\"url\":\"https:\/\/esci.mmkt.me\/wp-content\/uploads\/2025\/05\/traditional-dalmatian-cooking-class.jpg\",\"contentUrl\":\"https:\/\/esci.mmkt.me\/wp-content\/uploads\/2025\/05\/traditional-dalmatian-cooking-class.jpg\",\"width\":930,\"height\":550},{\"@type\":\"BreadcrumbList\",\"@id\":\"https:\/\/esci.mmkt.me\/?product=clase-de-cocina-local-en-sibenik-sabores-dalmatas-autenticos#breadcrumb\",\"itemListElement\":[{\"@type\":\"ListItem\",\"position\":1,\"name\":\"Portada\",\"item\":\"https:\/\/esci.mmkt.me\/\"},{\"@type\":\"ListItem\",\"position\":2,\"name\":\"Tienda\",\"item\":\"https:\/\/esci.mmkt.me\/?page_id=7\"},{\"@type\":\"ListItem\",\"position\":3,\"name\":\"Clase de cocina local en \u0160ibenik &#8211; Sabores d\u00e1lmatas aut\u00e9nticos\"}]},{\"@type\":\"WebSite\",\"@id\":\"https:\/\/esci.mmkt.me\/#website\",\"url\":\"https:\/\/esci.mmkt.me\/\",\"name\":\"ESCI\",\"description\":\"\",\"publisher\":{\"@id\":\"https:\/\/esci.mmkt.me\/#organization\"},\"potentialAction\":[{\"@type\":\"SearchAction\",\"target\":{\"@type\":\"EntryPoint\",\"urlTemplate\":\"https:\/\/esci.mmkt.me\/?s={search_term_string}\"},\"query-input\":{\"@type\":\"PropertyValueSpecification\",\"valueRequired\":true,\"valueName\":\"search_term_string\"}}],\"inLanguage\":\"es\"},{\"@type\":\"Organization\",\"@id\":\"https:\/\/esci.mmkt.me\/#organization\",\"name\":\"ESCI\",\"url\":\"https:\/\/esci.mmkt.me\/\",\"logo\":{\"@type\":\"ImageObject\",\"inLanguage\":\"es\",\"@id\":\"https:\/\/esci.mmkt.me\/#\/schema\/logo\/image\/\",\"url\":\"https:\/\/esci.mmkt.me\/wp-content\/uploads\/2025\/05\/cropped-Black-And-White-Aesthetic-Minimalist-Modern-Simple-Typography-Coconut-Cosmetics-Logo-1.jpg\",\"contentUrl\":\"https:\/\/esci.mmkt.me\/wp-content\/uploads\/2025\/05\/cropped-Black-And-White-Aesthetic-Minimalist-Modern-Simple-Typography-Coconut-Cosmetics-Logo-1.jpg\",\"width\":500,\"height\":200,\"caption\":\"ESCI\"},\"image\":{\"@id\":\"https:\/\/esci.mmkt.me\/#\/schema\/logo\/image\/\"}}]}<\/script>\n<!-- \/ Yoast SEO plugin. -->","yoast_head_json":{"title":"Clase de cocina local en \u0160ibenik - Sabores d\u00e1lmatas aut\u00e9nticos - \u0160i\u017egori\u0107 Palace Experiences\u200b","description":"Descubre los sabores de Croacia cocinando platos t\u00edpicos con un chef local en \u0160ibenik. Una experiencia gastron\u00f3mica aut\u00e9ntica. \u00a1Reserva tu plaza","robots":{"index":"index","follow":"follow","max-snippet":"max-snippet:-1","max-image-preview":"max-image-preview:large","max-video-preview":"max-video-preview:-1"},"canonical":"https:\/\/esci.mmkt.me\/?product=clase-de-cocina-local-en-sibenik-sabores-dalmatas-autenticos","og_locale":"es_ES","og_type":"article","og_title":"Clase de cocina local en \u0160ibenik - Sabores d\u00e1lmatas aut\u00e9nticos - \u0160i\u017egori\u0107 Palace Experiences\u200b","og_description":"Descubre los sabores de Croacia cocinando platos t\u00edpicos con un chef local en \u0160ibenik. Una experiencia gastron\u00f3mica aut\u00e9ntica. \u00a1Reserva tu plaza","og_url":"https:\/\/esci.mmkt.me\/?product=clase-de-cocina-local-en-sibenik-sabores-dalmatas-autenticos","og_site_name":"\u0160i\u017egori\u0107 Palace Experiences\u200b","article_modified_time":"2025-05-16T14:47:32+00:00","og_image":[{"width":930,"height":550,"url":"https:\/\/esci.mmkt.me\/wp-content\/uploads\/2025\/05\/traditional-dalmatian-cooking-class.jpg","type":"image\/jpeg"}],"twitter_card":"summary_large_image","twitter_misc":{"Tiempo de lectura":"1 minuto"},"schema":{"@context":"https:\/\/schema.org","@graph":[{"@type":"WebPage","@id":"https:\/\/esci.mmkt.me\/?product=clase-de-cocina-local-en-sibenik-sabores-dalmatas-autenticos","url":"https:\/\/esci.mmkt.me\/?product=clase-de-cocina-local-en-sibenik-sabores-dalmatas-autenticos","name":"Clase de cocina local en \u0160ibenik - Sabores d\u00e1lmatas aut\u00e9nticos - \u0160i\u017egori\u0107 Palace Experiences\u200b","isPartOf":{"@id":"https:\/\/esci.mmkt.me\/#website"},"primaryImageOfPage":{"@id":"https:\/\/esci.mmkt.me\/?product=clase-de-cocina-local-en-sibenik-sabores-dalmatas-autenticos#primaryimage"},"image":{"@id":"https:\/\/esci.mmkt.me\/?product=clase-de-cocina-local-en-sibenik-sabores-dalmatas-autenticos#primaryimage"},"thumbnailUrl":"https:\/\/esci.mmkt.me\/wp-content\/uploads\/2025\/05\/traditional-dalmatian-cooking-class.jpg","datePublished":"2025-05-15T17:24:06+00:00","dateModified":"2025-05-16T14:47:32+00:00","description":"Descubre los sabores de Croacia cocinando platos t\u00edpicos con un chef local en \u0160ibenik. Una experiencia gastron\u00f3mica aut\u00e9ntica. \u00a1Reserva tu plaza","breadcrumb":{"@id":"https:\/\/esci.mmkt.me\/?product=clase-de-cocina-local-en-sibenik-sabores-dalmatas-autenticos#breadcrumb"},"inLanguage":"es","potentialAction":[{"@type":"ReadAction","target":["https:\/\/esci.mmkt.me\/?product=clase-de-cocina-local-en-sibenik-sabores-dalmatas-autenticos"]}]},{"@type":"ImageObject","inLanguage":"es","@id":"https:\/\/esci.mmkt.me\/?product=clase-de-cocina-local-en-sibenik-sabores-dalmatas-autenticos#primaryimage","url":"https:\/\/esci.mmkt.me\/wp-content\/uploads\/2025\/05\/traditional-dalmatian-cooking-class.jpg","contentUrl":"https:\/\/esci.mmkt.me\/wp-content\/uploads\/2025\/05\/traditional-dalmatian-cooking-class.jpg","width":930,"height":550},{"@type":"BreadcrumbList","@id":"https:\/\/esci.mmkt.me\/?product=clase-de-cocina-local-en-sibenik-sabores-dalmatas-autenticos#breadcrumb","itemListElement":[{"@type":"ListItem","position":1,"name":"Portada","item":"https:\/\/esci.mmkt.me\/"},{"@type":"ListItem","position":2,"name":"Tienda","item":"https:\/\/esci.mmkt.me\/?page_id=7"},{"@type":"ListItem","position":3,"name":"Clase de cocina local en \u0160ibenik &#8211; Sabores d\u00e1lmatas aut\u00e9nticos"}]},{"@type":"WebSite","@id":"https:\/\/esci.mmkt.me\/#website","url":"https:\/\/esci.mmkt.me\/","name":"ESCI","description":"","publisher":{"@id":"https:\/\/esci.mmkt.me\/#organization"},"potentialAction":[{"@type":"SearchAction","target":{"@type":"EntryPoint","urlTemplate":"https:\/\/esci.mmkt.me\/?s={search_term_string}"},"query-input":{"@type":"PropertyValueSpecification","valueRequired":true,"valueName":"search_term_string"}}],"inLanguage":"es"},{"@type":"Organization","@id":"https:\/\/esci.mmkt.me\/#organization","name":"ESCI","url":"https:\/\/esci.mmkt.me\/","logo":{"@type":"ImageObject","inLanguage":"es","@id":"https:\/\/esci.mmkt.me\/#\/schema\/logo\/image\/","url":"https:\/\/esci.mmkt.me\/wp-content\/uploads\/2025\/05\/cropped-Black-And-White-Aesthetic-Minimalist-Modern-Simple-Typography-Coconut-Cosmetics-Logo-1.jpg","contentUrl":"https:\/\/esci.mmkt.me\/wp-content\/uploads\/2025\/05\/cropped-Black-And-White-Aesthetic-Minimalist-Modern-Simple-Typography-Coconut-Cosmetics-Logo-1.jpg","width":500,"height":200,"caption":"ESCI"},"image":{"@id":"https:\/\/esci.mmkt.me\/#\/schema\/logo\/image\/"}}]}},"_links":{"self":[{"href":"https:\/\/esci.mmkt.me\/index.php?rest_route=\/wp\/v2\/product\/81","targetHints":{"allow":["GET"]}}],"collection":[{"href":"https:\/\/esci.mmkt.me\/index.php?rest_route=\/wp\/v2\/product"}],"about":[{"href":"https:\/\/esci.mmkt.me\/index.php?rest_route=\/wp\/v2\/types\/product"}],"replies":[{"embeddable":true,"href":"https:\/\/esci.mmkt.me\/index.php?rest_route=%2Fwp%2Fv2%2Fcomments&post=81"}],"version-history":[{"count":2,"href":"https:\/\/esci.mmkt.me\/index.php?rest_route=\/wp\/v2\/product\/81\/revisions"}],"predecessor-version":[{"id":140,"href":"https:\/\/esci.mmkt.me\/index.php?rest_route=\/wp\/v2\/product\/81\/revisions\/140"}],"wp:featuredmedia":[{"embeddable":true,"href":"https:\/\/esci.mmkt.me\/index.php?rest_route=\/wp\/v2\/media\/82"}],"wp:attachment":[{"href":"https:\/\/esci.mmkt.me\/index.php?rest_route=%2Fwp%2Fv2%2Fmedia&parent=81"}],"wp:term":[{"taxonomy":"product_brand","embeddable":true,"href":"https:\/\/esci.mmkt.me\/index.php?rest_route=%2Fwp%2Fv2%2Fproduct_brand&post=81"},{"taxonomy":"product_cat","embeddable":true,"href":"https:\/\/esci.mmkt.me\/index.php?rest_route=%2Fwp%2Fv2%2Fproduct_cat&post=81"},{"taxonomy":"product_tag","embeddable":true,"href":"https:\/\/esci.mmkt.me\/index.php?rest_route=%2Fwp%2Fv2%2Fproduct_tag&post=81"}],"curies":[{"name":"wp","href":"https:\/\/api.w.org\/{rel}","templated":true}]}}