{"id":84,"date":"2025-05-15T19:27:17","date_gmt":"2025-05-15T17:27:17","guid":{"rendered":"https:\/\/esci.mmkt.me\/?post_type=product&#038;p=84"},"modified":"2025-05-15T20:22:28","modified_gmt":"2025-05-15T18:22:28","slug":"tour-al-parque-nacional-krka-cascadas-y-naturaleza-desde-sibenik","status":"publish","type":"product","link":"https:\/\/esci.mmkt.me\/?product=tour-al-parque-nacional-krka-cascadas-y-naturaleza-desde-sibenik","title":{"rendered":"Tour al Parque Nacional Krka, Natureza en \u0160ibenik"},"content":{"rendered":"<p>Descubre las famosas cascadas del Parque Nacional Krka en una <a href=\"https:\/\/naturalezayviajes.com\/parque-nacional-krka-croacia\/\">excursi\u00f3n desde \u0160ibenik<\/a>. Pasea entre senderos, molinos antiguos y miradores, con tiempo libre para explorar o relajarte en plena naturaleza. Sum\u00e9rgete en un paisaje de ensue\u00f1o donde el agua cristalina fluye entre terrazas naturales, rodeada de vegetaci\u00f3n exuberante y aire puro. Pasea por senderos de madera perfectamente integrados en el entorno, cruza puentes sobre el r\u00edo y explora antiguos molinos restaurados que conservan el encanto tradicional de la regi\u00f3n.<\/p>\n<p>Desde los miradores naturales, podr\u00e1s contemplar vistas panor\u00e1micas espectaculares de las cascadas, como la majestuosa <strong data-start=\"724\" data-end=\"742\">Skradinski Buk<\/strong>, una de las m\u00e1s impresionantes de Croacia. Durante el recorrido, tendr\u00e1s tiempo libre para adentrarte en las rutas del parque, relajarte junto al agua o simplemente disfrutar del silencio de la naturaleza.<\/p>\n<p>El Parque Nacional Krka no te dejar\u00e1 indiferente. Pero si te has quedado con ganas de conocer m\u00e1s rincones de la ciudad, disfruta de un<a href=\"https:\/\/esci.mmkt.me\/?product=tour-historico-por-sibenik-descubre-la-ciudad-de-piedra-y-mar\"> tour hist\u00f3rico por Sibenik<\/a> o un <a href=\"https:\/\/esci.mmkt.me\/?product=paseo-en-barco-por-las-islas-del-adriatico-naturaleza-mar-y-relax\">paseo en barco por las islas del adri\u00e1tico.<\/a><\/p>\n<p><strong>Incluye<\/strong>: transporte ida y vuelta, entrada al parque, gu\u00eda en ingl\u00e9s o espa\u00f1ol, botella de agua, mapa del parque.<\/p>\n","protected":false},"excerpt":{"rendered":"<p>Descubre las famosas cascadas del Parque Nacional Krka en una excursi\u00f3n desde \u0160ibenik. Pasea entre senderos, molinos antiguos y miradores, con tiempo libre para explorar o relajarte en plena naturaleza. Sum\u00e9rgete en un paisaje de ensue\u00f1o donde el agua cristalina fluye entre terrazas naturales, rodeada de vegetaci\u00f3n exuberante y aire puro. Pasea por senderos de&#8230;<\/p>\n","protected":false},"featured_media":85,"comment_status":"open","ping_status":"closed","template":"","meta":{"_kad_post_transparent":"default","_kad_post_title":"","_kad_post_layout":"default","_kad_post_sidebar_id":"","_kad_post_content_style":"default","_kad_post_vertical_padding":"default","_kad_post_feature":"","_kad_post_feature_position":"","_kad_post_header":false,"_kad_post_footer":false},"product_brand":[],"product_cat":[18],"product_tag":[],"class_list":{"0":"post-84","1":"product","2":"type-product","3":"status-publish","4":"has-post-thumbnail","6":"product_cat-tours","8":"first","9":"instock","10":"virtual","11":"purchasable","12":"product-type-simple","13":"entry","14":"content-bg","15":"loop-entry"},"yoast_head":"<!-- This site is optimized with the Yoast SEO plugin v25.1 - https:\/\/yoast.com\/wordpress\/plugins\/seo\/ -->\n<title>Tour al Parque Nacional Krka, Natureza en \u0160ibenik - \u0160i\u017egori\u0107 Palace Experiences\u200b<\/title>\n<meta name=\"description\" content=\"Disfruta de un tour al Parque Nacional Krka y descubre sus cascadas, senderos y naturaleza \u00fanica. Salidas desde Sibenik con gu\u00eda en espa\u00f1ol.\" \/>\n<meta name=\"robots\" content=\"index, follow, max-snippet:-1, max-image-preview:large, max-video-preview:-1\" \/>\n<link rel=\"canonical\" href=\"https:\/\/esci.mmkt.me\/?product=tour-al-parque-nacional-krka-cascadas-y-naturaleza-desde-sibenik\" \/>\n<meta property=\"og:locale\" content=\"es_ES\" \/>\n<meta property=\"og:type\" content=\"article\" \/>\n<meta property=\"og:title\" content=\"Tour al Parque Nacional Krka, Natureza en \u0160ibenik - \u0160i\u017egori\u0107 Palace Experiences\u200b\" \/>\n<meta property=\"og:description\" content=\"Disfruta de un tour al Parque Nacional Krka y descubre sus cascadas, senderos y naturaleza \u00fanica. Salidas desde Sibenik con gu\u00eda en espa\u00f1ol.\" \/>\n<meta property=\"og:url\" content=\"https:\/\/esci.mmkt.me\/?product=tour-al-parque-nacional-krka-cascadas-y-naturaleza-desde-sibenik\" \/>\n<meta property=\"og:site_name\" content=\"\u0160i\u017egori\u0107 Palace Experiences\u200b\" \/>\n<meta property=\"article:modified_time\" content=\"2025-05-15T18:22:28+00:00\" \/>\n<meta property=\"og:image\" content=\"https:\/\/esci.mmkt.me\/wp-content\/uploads\/2025\/05\/krka-national-park.jpg\" \/>\n\t<meta property=\"og:image:width\" content=\"960\" \/>\n\t<meta property=\"og:image:height\" content=\"490\" \/>\n\t<meta property=\"og:image:type\" content=\"image\/jpeg\" \/>\n<meta name=\"twitter:card\" content=\"summary_large_image\" \/>\n<meta name=\"twitter:label1\" content=\"Tiempo de lectura\" \/>\n\t<meta name=\"twitter:data1\" content=\"2 minutos\" \/>\n<script type=\"application\/ld+json\" class=\"yoast-schema-graph\">{\"@context\":\"https:\/\/schema.org\",\"@graph\":[{\"@type\":\"WebPage\",\"@id\":\"https:\/\/esci.mmkt.me\/?product=tour-al-parque-nacional-krka-cascadas-y-naturaleza-desde-sibenik\",\"url\":\"https:\/\/esci.mmkt.me\/?product=tour-al-parque-nacional-krka-cascadas-y-naturaleza-desde-sibenik\",\"name\":\"Tour al Parque Nacional Krka, Natureza en \u0160ibenik - \u0160i\u017egori\u0107 Palace Experiences\u200b\",\"isPartOf\":{\"@id\":\"https:\/\/esci.mmkt.me\/#website\"},\"primaryImageOfPage\":{\"@id\":\"https:\/\/esci.mmkt.me\/?product=tour-al-parque-nacional-krka-cascadas-y-naturaleza-desde-sibenik#primaryimage\"},\"image\":{\"@id\":\"https:\/\/esci.mmkt.me\/?product=tour-al-parque-nacional-krka-cascadas-y-naturaleza-desde-sibenik#primaryimage\"},\"thumbnailUrl\":\"https:\/\/esci.mmkt.me\/wp-content\/uploads\/2025\/05\/krka-national-park.jpg\",\"datePublished\":\"2025-05-15T17:27:17+00:00\",\"dateModified\":\"2025-05-15T18:22:28+00:00\",\"description\":\"Disfruta de un tour al Parque Nacional Krka y descubre sus cascadas, senderos y naturaleza \u00fanica. Salidas desde Sibenik con gu\u00eda en espa\u00f1ol.\",\"breadcrumb\":{\"@id\":\"https:\/\/esci.mmkt.me\/?product=tour-al-parque-nacional-krka-cascadas-y-naturaleza-desde-sibenik#breadcrumb\"},\"inLanguage\":\"es\",\"potentialAction\":[{\"@type\":\"ReadAction\",\"target\":[\"https:\/\/esci.mmkt.me\/?product=tour-al-parque-nacional-krka-cascadas-y-naturaleza-desde-sibenik\"]}]},{\"@type\":\"ImageObject\",\"inLanguage\":\"es\",\"@id\":\"https:\/\/esci.mmkt.me\/?product=tour-al-parque-nacional-krka-cascadas-y-naturaleza-desde-sibenik#primaryimage\",\"url\":\"https:\/\/esci.mmkt.me\/wp-content\/uploads\/2025\/05\/krka-national-park.jpg\",\"contentUrl\":\"https:\/\/esci.mmkt.me\/wp-content\/uploads\/2025\/05\/krka-national-park.jpg\",\"width\":960,\"height\":490},{\"@type\":\"BreadcrumbList\",\"@id\":\"https:\/\/esci.mmkt.me\/?product=tour-al-parque-nacional-krka-cascadas-y-naturaleza-desde-sibenik#breadcrumb\",\"itemListElement\":[{\"@type\":\"ListItem\",\"position\":1,\"name\":\"Portada\",\"item\":\"https:\/\/esci.mmkt.me\/\"},{\"@type\":\"ListItem\",\"position\":2,\"name\":\"Tienda\",\"item\":\"https:\/\/esci.mmkt.me\/?page_id=7\"},{\"@type\":\"ListItem\",\"position\":3,\"name\":\"Tour al Parque Nacional Krka, Natureza en \u0160ibenik\"}]},{\"@type\":\"WebSite\",\"@id\":\"https:\/\/esci.mmkt.me\/#website\",\"url\":\"https:\/\/esci.mmkt.me\/\",\"name\":\"ESCI\",\"description\":\"\",\"publisher\":{\"@id\":\"https:\/\/esci.mmkt.me\/#organization\"},\"potentialAction\":[{\"@type\":\"SearchAction\",\"target\":{\"@type\":\"EntryPoint\",\"urlTemplate\":\"https:\/\/esci.mmkt.me\/?s={search_term_string}\"},\"query-input\":{\"@type\":\"PropertyValueSpecification\",\"valueRequired\":true,\"valueName\":\"search_term_string\"}}],\"inLanguage\":\"es\"},{\"@type\":\"Organization\",\"@id\":\"https:\/\/esci.mmkt.me\/#organization\",\"name\":\"ESCI\",\"url\":\"https:\/\/esci.mmkt.me\/\",\"logo\":{\"@type\":\"ImageObject\",\"inLanguage\":\"es\",\"@id\":\"https:\/\/esci.mmkt.me\/#\/schema\/logo\/image\/\",\"url\":\"https:\/\/esci.mmkt.me\/wp-content\/uploads\/2025\/05\/cropped-Black-And-White-Aesthetic-Minimalist-Modern-Simple-Typography-Coconut-Cosmetics-Logo-1.jpg\",\"contentUrl\":\"https:\/\/esci.mmkt.me\/wp-content\/uploads\/2025\/05\/cropped-Black-And-White-Aesthetic-Minimalist-Modern-Simple-Typography-Coconut-Cosmetics-Logo-1.jpg\",\"width\":500,\"height\":200,\"caption\":\"ESCI\"},\"image\":{\"@id\":\"https:\/\/esci.mmkt.me\/#\/schema\/logo\/image\/\"}}]}<\/script>\n<!-- \/ Yoast SEO plugin. -->","yoast_head_json":{"title":"Tour al Parque Nacional Krka, Natureza en \u0160ibenik - \u0160i\u017egori\u0107 Palace Experiences\u200b","description":"Disfruta de un tour al Parque Nacional Krka y descubre sus cascadas, senderos y naturaleza \u00fanica. Salidas desde Sibenik con gu\u00eda en espa\u00f1ol.","robots":{"index":"index","follow":"follow","max-snippet":"max-snippet:-1","max-image-preview":"max-image-preview:large","max-video-preview":"max-video-preview:-1"},"canonical":"https:\/\/esci.mmkt.me\/?product=tour-al-parque-nacional-krka-cascadas-y-naturaleza-desde-sibenik","og_locale":"es_ES","og_type":"article","og_title":"Tour al Parque Nacional Krka, Natureza en \u0160ibenik - \u0160i\u017egori\u0107 Palace Experiences\u200b","og_description":"Disfruta de un tour al Parque Nacional Krka y descubre sus cascadas, senderos y naturaleza \u00fanica. Salidas desde Sibenik con gu\u00eda en espa\u00f1ol.","og_url":"https:\/\/esci.mmkt.me\/?product=tour-al-parque-nacional-krka-cascadas-y-naturaleza-desde-sibenik","og_site_name":"\u0160i\u017egori\u0107 Palace Experiences\u200b","article_modified_time":"2025-05-15T18:22:28+00:00","og_image":[{"width":960,"height":490,"url":"https:\/\/esci.mmkt.me\/wp-content\/uploads\/2025\/05\/krka-national-park.jpg","type":"image\/jpeg"}],"twitter_card":"summary_large_image","twitter_misc":{"Tiempo de lectura":"2 minutos"},"schema":{"@context":"https:\/\/schema.org","@graph":[{"@type":"WebPage","@id":"https:\/\/esci.mmkt.me\/?product=tour-al-parque-nacional-krka-cascadas-y-naturaleza-desde-sibenik","url":"https:\/\/esci.mmkt.me\/?product=tour-al-parque-nacional-krka-cascadas-y-naturaleza-desde-sibenik","name":"Tour al Parque Nacional Krka, Natureza en \u0160ibenik - \u0160i\u017egori\u0107 Palace Experiences\u200b","isPartOf":{"@id":"https:\/\/esci.mmkt.me\/#website"},"primaryImageOfPage":{"@id":"https:\/\/esci.mmkt.me\/?product=tour-al-parque-nacional-krka-cascadas-y-naturaleza-desde-sibenik#primaryimage"},"image":{"@id":"https:\/\/esci.mmkt.me\/?product=tour-al-parque-nacional-krka-cascadas-y-naturaleza-desde-sibenik#primaryimage"},"thumbnailUrl":"https:\/\/esci.mmkt.me\/wp-content\/uploads\/2025\/05\/krka-national-park.jpg","datePublished":"2025-05-15T17:27:17+00:00","dateModified":"2025-05-15T18:22:28+00:00","description":"Disfruta de un tour al Parque Nacional Krka y descubre sus cascadas, senderos y naturaleza \u00fanica. Salidas desde Sibenik con gu\u00eda en espa\u00f1ol.","breadcrumb":{"@id":"https:\/\/esci.mmkt.me\/?product=tour-al-parque-nacional-krka-cascadas-y-naturaleza-desde-sibenik#breadcrumb"},"inLanguage":"es","potentialAction":[{"@type":"ReadAction","target":["https:\/\/esci.mmkt.me\/?product=tour-al-parque-nacional-krka-cascadas-y-naturaleza-desde-sibenik"]}]},{"@type":"ImageObject","inLanguage":"es","@id":"https:\/\/esci.mmkt.me\/?product=tour-al-parque-nacional-krka-cascadas-y-naturaleza-desde-sibenik#primaryimage","url":"https:\/\/esci.mmkt.me\/wp-content\/uploads\/2025\/05\/krka-national-park.jpg","contentUrl":"https:\/\/esci.mmkt.me\/wp-content\/uploads\/2025\/05\/krka-national-park.jpg","width":960,"height":490},{"@type":"BreadcrumbList","@id":"https:\/\/esci.mmkt.me\/?product=tour-al-parque-nacional-krka-cascadas-y-naturaleza-desde-sibenik#breadcrumb","itemListElement":[{"@type":"ListItem","position":1,"name":"Portada","item":"https:\/\/esci.mmkt.me\/"},{"@type":"ListItem","position":2,"name":"Tienda","item":"https:\/\/esci.mmkt.me\/?page_id=7"},{"@type":"ListItem","position":3,"name":"Tour al Parque Nacional Krka, Natureza en \u0160ibenik"}]},{"@type":"WebSite","@id":"https:\/\/esci.mmkt.me\/#website","url":"https:\/\/esci.mmkt.me\/","name":"ESCI","description":"","publisher":{"@id":"https:\/\/esci.mmkt.me\/#organization"},"potentialAction":[{"@type":"SearchAction","target":{"@type":"EntryPoint","urlTemplate":"https:\/\/esci.mmkt.me\/?s={search_term_string}"},"query-input":{"@type":"PropertyValueSpecification","valueRequired":true,"valueName":"search_term_string"}}],"inLanguage":"es"},{"@type":"Organization","@id":"https:\/\/esci.mmkt.me\/#organization","name":"ESCI","url":"https:\/\/esci.mmkt.me\/","logo":{"@type":"ImageObject","inLanguage":"es","@id":"https:\/\/esci.mmkt.me\/#\/schema\/logo\/image\/","url":"https:\/\/esci.mmkt.me\/wp-content\/uploads\/2025\/05\/cropped-Black-And-White-Aesthetic-Minimalist-Modern-Simple-Typography-Coconut-Cosmetics-Logo-1.jpg","contentUrl":"https:\/\/esci.mmkt.me\/wp-content\/uploads\/2025\/05\/cropped-Black-And-White-Aesthetic-Minimalist-Modern-Simple-Typography-Coconut-Cosmetics-Logo-1.jpg","width":500,"height":200,"caption":"ESCI"},"image":{"@id":"https:\/\/esci.mmkt.me\/#\/schema\/logo\/image\/"}}]}},"_links":{"self":[{"href":"https:\/\/esci.mmkt.me\/index.php?rest_route=\/wp\/v2\/product\/84","targetHints":{"allow":["GET"]}}],"collection":[{"href":"https:\/\/esci.mmkt.me\/index.php?rest_route=\/wp\/v2\/product"}],"about":[{"href":"https:\/\/esci.mmkt.me\/index.php?rest_route=\/wp\/v2\/types\/product"}],"replies":[{"embeddable":true,"href":"https:\/\/esci.mmkt.me\/index.php?rest_route=%2Fwp%2Fv2%2Fcomments&post=84"}],"version-history":[{"count":4,"href":"https:\/\/esci.mmkt.me\/index.php?rest_route=\/wp\/v2\/product\/84\/revisions"}],"predecessor-version":[{"id":137,"href":"https:\/\/esci.mmkt.me\/index.php?rest_route=\/wp\/v2\/product\/84\/revisions\/137"}],"wp:featuredmedia":[{"embeddable":true,"href":"https:\/\/esci.mmkt.me\/index.php?rest_route=\/wp\/v2\/media\/85"}],"wp:attachment":[{"href":"https:\/\/esci.mmkt.me\/index.php?rest_route=%2Fwp%2Fv2%2Fmedia&parent=84"}],"wp:term":[{"taxonomy":"product_brand","embeddable":true,"href":"https:\/\/esci.mmkt.me\/index.php?rest_route=%2Fwp%2Fv2%2Fproduct_brand&post=84"},{"taxonomy":"product_cat","embeddable":true,"href":"https:\/\/esci.mmkt.me\/index.php?rest_route=%2Fwp%2Fv2%2Fproduct_cat&post=84"},{"taxonomy":"product_tag","embeddable":true,"href":"https:\/\/esci.mmkt.me\/index.php?rest_route=%2Fwp%2Fv2%2Fproduct_tag&post=84"}],"curies":[{"name":"wp","href":"https:\/\/api.w.org\/{rel}","templated":true}]}}