{"id":87,"date":"2025-05-15T19:32:48","date_gmt":"2025-05-15T17:32:48","guid":{"rendered":"https:\/\/esci.mmkt.me\/?post_type=product&#038;p=87"},"modified":"2025-05-15T20:31:31","modified_gmt":"2025-05-15T18:31:31","slug":"experiencia-de-spa-sibenik","status":"publish","type":"product","link":"https:\/\/esci.mmkt.me\/?product=experiencia-de-spa-sibenik","title":{"rendered":"Spa con productos locales en \u0160ibenik \u2013 Bienestar natural"},"content":{"rendered":"<p class=\"\" data-start=\"50\" data-end=\"297\">Disfruta una <a href=\"https:\/\/www.lacroacia.es\/balnearios-y-spa-en-croacia\/\"><strong data-start=\"63\" data-end=\"96\">experiencia de spa en \u0160ibenik<\/strong><\/a> que combina tradici\u00f3n, naturaleza y bienestar. Sum\u00e9rgete en una sesi\u00f3n de relajaci\u00f3n profunda con productos locales, elaborados a base de aceites esenciales y extractos naturales de la regi\u00f3n d\u00e1lmata.<\/p>\n<p class=\"\" data-start=\"299\" data-end=\"493\">Desde el primer momento, ser\u00e1s recibido con una <strong data-start=\"347\" data-end=\"377\">copa de vino blanco croata<\/strong> o una infusi\u00f3n de hierbas org\u00e1nicas, marcando el inicio de una desconexi\u00f3n total en un entorno tranquilo y privado.<\/p>\n<p class=\"\" data-start=\"495\" data-end=\"773\">La experiencia comienza con un <strong data-start=\"526\" data-end=\"550\">masaje de 45 minutos<\/strong>, enfocado en liberar tensiones musculares y activar la circulaci\u00f3n. A continuaci\u00f3n, recibir\u00e1s un <strong data-start=\"648\" data-end=\"680\">tratamiento facial nutritivo<\/strong> que revitaliza tu piel, usando ingredientes seleccionados por sus propiedades regeneradoras.<\/p>\n<p class=\"\" data-start=\"775\" data-end=\"953\">Todo esto se realiza en un <strong data-start=\"802\" data-end=\"848\">espacio \u00edntimo y cuidadosamente ambientado<\/strong>, con luz suave, aromas mediterr\u00e1neos y m\u00fasica relajante, pensado para ofrecer paz, silencio y comodidad.<\/p>\n<p class=\"\" data-start=\"955\" data-end=\"1249\">Este spa no solo relaja el cuerpo, sino que tambi\u00e9n alimenta el alma. Es ideal para parejas que buscan una experiencia rom\u00e1ntica, viajeros que desean reconectar con su equilibrio interior, o simplemente para quienes quieren regalarse un momento de cuidado aut\u00e9ntico durante su visita a \u0160ibenik.<\/p>\n<p class=\"\" data-start=\"1251\" data-end=\"1561\">Adem\u00e1s, puedes combinar tu <strong data-start=\"1278\" data-end=\"1300\">experiencia de spa<\/strong> con una <strong data-start=\"1309\" data-end=\"1326\">cata de vinos<\/strong> en la regi\u00f3n o una <a href=\"https:\/\/esci.mmkt.me\/wp-admin\/post.php?post=87&amp;action=edit\"><strong data-start=\"1346\" data-end=\"1368\">excursi\u00f3n en barco<\/strong><\/a> por la costa d\u00e1lmata. Todas nuestras actividades est\u00e1n dise\u00f1adas para ofrecerte lo mejor del turismo lento y consciente, con un enfoque en la sostenibilidad, la calidad y el disfrute personal.<\/p>\n<hr class=\"\" data-start=\"1563\" data-end=\"1566\" \/>\n","protected":false},"excerpt":{"rendered":"<p>Disfruta una experiencia de spa en \u0160ibenik que combina tradici\u00f3n, naturaleza y bienestar. Sum\u00e9rgete en una sesi\u00f3n de relajaci\u00f3n profunda con productos locales, elaborados a base de aceites esenciales y extractos naturales de la regi\u00f3n d\u00e1lmata. Desde el primer momento, ser\u00e1s recibido con una copa de vino blanco croata o una infusi\u00f3n de hierbas org\u00e1nicas,&#8230;<\/p>\n","protected":false},"featured_media":88,"comment_status":"open","ping_status":"closed","template":"","meta":{"_kad_post_transparent":"default","_kad_post_title":"","_kad_post_layout":"default","_kad_post_sidebar_id":"","_kad_post_content_style":"default","_kad_post_vertical_padding":"default","_kad_post_feature":"","_kad_post_feature_position":"","_kad_post_header":false,"_kad_post_footer":false},"product_brand":[],"product_cat":[19],"product_tag":[],"class_list":{"0":"post-87","1":"product","2":"type-product","3":"status-publish","4":"has-post-thumbnail","6":"product_cat-wellness","8":"first","9":"instock","10":"shipping-taxable","11":"purchasable","12":"product-type-variable","13":"entry","14":"content-bg","15":"loop-entry"},"yoast_head":"<!-- This site is optimized with the Yoast SEO plugin v25.1 - https:\/\/yoast.com\/wordpress\/plugins\/seo\/ -->\n<title>Spa con productos locales en \u0160ibenik \u2013 Bienestar natural - \u0160i\u017egori\u0107 Palace Experiences\u200b<\/title>\n<meta name=\"description\" content=\"Vive una experiencia de spa en \u0160ibenik con masaje, facial natural y productos locales. Bienestar aut\u00e9ntico entre aromas d\u00e1lmatas y tranquilidad absoluta.\" \/>\n<meta name=\"robots\" content=\"index, follow, max-snippet:-1, max-image-preview:large, max-video-preview:-1\" \/>\n<link rel=\"canonical\" href=\"https:\/\/esci.mmkt.me\/?product=experiencia-de-spa-sibenik\" \/>\n<meta property=\"og:locale\" content=\"es_ES\" \/>\n<meta property=\"og:type\" content=\"article\" \/>\n<meta property=\"og:title\" content=\"Spa con productos locales en \u0160ibenik \u2013 Bienestar natural - \u0160i\u017egori\u0107 Palace Experiences\u200b\" \/>\n<meta property=\"og:description\" content=\"Vive una experiencia de spa en \u0160ibenik con masaje, facial natural y productos locales. Bienestar aut\u00e9ntico entre aromas d\u00e1lmatas y tranquilidad absoluta.\" \/>\n<meta property=\"og:url\" content=\"https:\/\/esci.mmkt.me\/?product=experiencia-de-spa-sibenik\" \/>\n<meta property=\"og:site_name\" content=\"\u0160i\u017egori\u0107 Palace Experiences\u200b\" \/>\n<meta property=\"article:modified_time\" content=\"2025-05-15T18:31:31+00:00\" \/>\n<meta property=\"og:image\" content=\"https:\/\/esci.mmkt.me\/wp-content\/uploads\/2025\/05\/spa_sibenik.jpg\" \/>\n\t<meta property=\"og:image:width\" content=\"1600\" \/>\n\t<meta property=\"og:image:height\" content=\"1067\" \/>\n\t<meta property=\"og:image:type\" content=\"image\/jpeg\" \/>\n<meta name=\"twitter:card\" content=\"summary_large_image\" \/>\n<meta name=\"twitter:label1\" content=\"Tiempo de lectura\" \/>\n\t<meta name=\"twitter:data1\" content=\"2 minutos\" \/>\n<script type=\"application\/ld+json\" class=\"yoast-schema-graph\">{\"@context\":\"https:\/\/schema.org\",\"@graph\":[{\"@type\":\"WebPage\",\"@id\":\"https:\/\/esci.mmkt.me\/?product=experiencia-de-spa-sibenik\",\"url\":\"https:\/\/esci.mmkt.me\/?product=experiencia-de-spa-sibenik\",\"name\":\"Spa con productos locales en \u0160ibenik \u2013 Bienestar natural - \u0160i\u017egori\u0107 Palace Experiences\u200b\",\"isPartOf\":{\"@id\":\"https:\/\/esci.mmkt.me\/#website\"},\"primaryImageOfPage\":{\"@id\":\"https:\/\/esci.mmkt.me\/?product=experiencia-de-spa-sibenik#primaryimage\"},\"image\":{\"@id\":\"https:\/\/esci.mmkt.me\/?product=experiencia-de-spa-sibenik#primaryimage\"},\"thumbnailUrl\":\"https:\/\/esci.mmkt.me\/wp-content\/uploads\/2025\/05\/spa_sibenik.jpg\",\"datePublished\":\"2025-05-15T17:32:48+00:00\",\"dateModified\":\"2025-05-15T18:31:31+00:00\",\"description\":\"Vive una experiencia de spa en \u0160ibenik con masaje, facial natural y productos locales. Bienestar aut\u00e9ntico entre aromas d\u00e1lmatas y tranquilidad absoluta.\",\"breadcrumb\":{\"@id\":\"https:\/\/esci.mmkt.me\/?product=experiencia-de-spa-sibenik#breadcrumb\"},\"inLanguage\":\"es\",\"potentialAction\":[{\"@type\":\"ReadAction\",\"target\":[\"https:\/\/esci.mmkt.me\/?product=experiencia-de-spa-sibenik\"]}]},{\"@type\":\"ImageObject\",\"inLanguage\":\"es\",\"@id\":\"https:\/\/esci.mmkt.me\/?product=experiencia-de-spa-sibenik#primaryimage\",\"url\":\"https:\/\/esci.mmkt.me\/wp-content\/uploads\/2025\/05\/spa_sibenik.jpg\",\"contentUrl\":\"https:\/\/esci.mmkt.me\/wp-content\/uploads\/2025\/05\/spa_sibenik.jpg\",\"width\":1600,\"height\":1067},{\"@type\":\"BreadcrumbList\",\"@id\":\"https:\/\/esci.mmkt.me\/?product=experiencia-de-spa-sibenik#breadcrumb\",\"itemListElement\":[{\"@type\":\"ListItem\",\"position\":1,\"name\":\"Portada\",\"item\":\"https:\/\/esci.mmkt.me\/\"},{\"@type\":\"ListItem\",\"position\":2,\"name\":\"Tienda\",\"item\":\"https:\/\/esci.mmkt.me\/?page_id=7\"},{\"@type\":\"ListItem\",\"position\":3,\"name\":\"Spa con productos locales en \u0160ibenik \u2013 Bienestar natural\"}]},{\"@type\":\"WebSite\",\"@id\":\"https:\/\/esci.mmkt.me\/#website\",\"url\":\"https:\/\/esci.mmkt.me\/\",\"name\":\"ESCI\",\"description\":\"\",\"publisher\":{\"@id\":\"https:\/\/esci.mmkt.me\/#organization\"},\"potentialAction\":[{\"@type\":\"SearchAction\",\"target\":{\"@type\":\"EntryPoint\",\"urlTemplate\":\"https:\/\/esci.mmkt.me\/?s={search_term_string}\"},\"query-input\":{\"@type\":\"PropertyValueSpecification\",\"valueRequired\":true,\"valueName\":\"search_term_string\"}}],\"inLanguage\":\"es\"},{\"@type\":\"Organization\",\"@id\":\"https:\/\/esci.mmkt.me\/#organization\",\"name\":\"ESCI\",\"url\":\"https:\/\/esci.mmkt.me\/\",\"logo\":{\"@type\":\"ImageObject\",\"inLanguage\":\"es\",\"@id\":\"https:\/\/esci.mmkt.me\/#\/schema\/logo\/image\/\",\"url\":\"https:\/\/esci.mmkt.me\/wp-content\/uploads\/2025\/05\/cropped-Black-And-White-Aesthetic-Minimalist-Modern-Simple-Typography-Coconut-Cosmetics-Logo-1.jpg\",\"contentUrl\":\"https:\/\/esci.mmkt.me\/wp-content\/uploads\/2025\/05\/cropped-Black-And-White-Aesthetic-Minimalist-Modern-Simple-Typography-Coconut-Cosmetics-Logo-1.jpg\",\"width\":500,\"height\":200,\"caption\":\"ESCI\"},\"image\":{\"@id\":\"https:\/\/esci.mmkt.me\/#\/schema\/logo\/image\/\"}}]}<\/script>\n<!-- \/ Yoast SEO plugin. -->","yoast_head_json":{"title":"Spa con productos locales en \u0160ibenik \u2013 Bienestar natural - \u0160i\u017egori\u0107 Palace Experiences\u200b","description":"Vive una experiencia de spa en \u0160ibenik con masaje, facial natural y productos locales. Bienestar aut\u00e9ntico entre aromas d\u00e1lmatas y tranquilidad absoluta.","robots":{"index":"index","follow":"follow","max-snippet":"max-snippet:-1","max-image-preview":"max-image-preview:large","max-video-preview":"max-video-preview:-1"},"canonical":"https:\/\/esci.mmkt.me\/?product=experiencia-de-spa-sibenik","og_locale":"es_ES","og_type":"article","og_title":"Spa con productos locales en \u0160ibenik \u2013 Bienestar natural - \u0160i\u017egori\u0107 Palace Experiences\u200b","og_description":"Vive una experiencia de spa en \u0160ibenik con masaje, facial natural y productos locales. Bienestar aut\u00e9ntico entre aromas d\u00e1lmatas y tranquilidad absoluta.","og_url":"https:\/\/esci.mmkt.me\/?product=experiencia-de-spa-sibenik","og_site_name":"\u0160i\u017egori\u0107 Palace Experiences\u200b","article_modified_time":"2025-05-15T18:31:31+00:00","og_image":[{"width":1600,"height":1067,"url":"https:\/\/esci.mmkt.me\/wp-content\/uploads\/2025\/05\/spa_sibenik.jpg","type":"image\/jpeg"}],"twitter_card":"summary_large_image","twitter_misc":{"Tiempo de lectura":"2 minutos"},"schema":{"@context":"https:\/\/schema.org","@graph":[{"@type":"WebPage","@id":"https:\/\/esci.mmkt.me\/?product=experiencia-de-spa-sibenik","url":"https:\/\/esci.mmkt.me\/?product=experiencia-de-spa-sibenik","name":"Spa con productos locales en \u0160ibenik \u2013 Bienestar natural - \u0160i\u017egori\u0107 Palace Experiences\u200b","isPartOf":{"@id":"https:\/\/esci.mmkt.me\/#website"},"primaryImageOfPage":{"@id":"https:\/\/esci.mmkt.me\/?product=experiencia-de-spa-sibenik#primaryimage"},"image":{"@id":"https:\/\/esci.mmkt.me\/?product=experiencia-de-spa-sibenik#primaryimage"},"thumbnailUrl":"https:\/\/esci.mmkt.me\/wp-content\/uploads\/2025\/05\/spa_sibenik.jpg","datePublished":"2025-05-15T17:32:48+00:00","dateModified":"2025-05-15T18:31:31+00:00","description":"Vive una experiencia de spa en \u0160ibenik con masaje, facial natural y productos locales. Bienestar aut\u00e9ntico entre aromas d\u00e1lmatas y tranquilidad absoluta.","breadcrumb":{"@id":"https:\/\/esci.mmkt.me\/?product=experiencia-de-spa-sibenik#breadcrumb"},"inLanguage":"es","potentialAction":[{"@type":"ReadAction","target":["https:\/\/esci.mmkt.me\/?product=experiencia-de-spa-sibenik"]}]},{"@type":"ImageObject","inLanguage":"es","@id":"https:\/\/esci.mmkt.me\/?product=experiencia-de-spa-sibenik#primaryimage","url":"https:\/\/esci.mmkt.me\/wp-content\/uploads\/2025\/05\/spa_sibenik.jpg","contentUrl":"https:\/\/esci.mmkt.me\/wp-content\/uploads\/2025\/05\/spa_sibenik.jpg","width":1600,"height":1067},{"@type":"BreadcrumbList","@id":"https:\/\/esci.mmkt.me\/?product=experiencia-de-spa-sibenik#breadcrumb","itemListElement":[{"@type":"ListItem","position":1,"name":"Portada","item":"https:\/\/esci.mmkt.me\/"},{"@type":"ListItem","position":2,"name":"Tienda","item":"https:\/\/esci.mmkt.me\/?page_id=7"},{"@type":"ListItem","position":3,"name":"Spa con productos locales en \u0160ibenik \u2013 Bienestar natural"}]},{"@type":"WebSite","@id":"https:\/\/esci.mmkt.me\/#website","url":"https:\/\/esci.mmkt.me\/","name":"ESCI","description":"","publisher":{"@id":"https:\/\/esci.mmkt.me\/#organization"},"potentialAction":[{"@type":"SearchAction","target":{"@type":"EntryPoint","urlTemplate":"https:\/\/esci.mmkt.me\/?s={search_term_string}"},"query-input":{"@type":"PropertyValueSpecification","valueRequired":true,"valueName":"search_term_string"}}],"inLanguage":"es"},{"@type":"Organization","@id":"https:\/\/esci.mmkt.me\/#organization","name":"ESCI","url":"https:\/\/esci.mmkt.me\/","logo":{"@type":"ImageObject","inLanguage":"es","@id":"https:\/\/esci.mmkt.me\/#\/schema\/logo\/image\/","url":"https:\/\/esci.mmkt.me\/wp-content\/uploads\/2025\/05\/cropped-Black-And-White-Aesthetic-Minimalist-Modern-Simple-Typography-Coconut-Cosmetics-Logo-1.jpg","contentUrl":"https:\/\/esci.mmkt.me\/wp-content\/uploads\/2025\/05\/cropped-Black-And-White-Aesthetic-Minimalist-Modern-Simple-Typography-Coconut-Cosmetics-Logo-1.jpg","width":500,"height":200,"caption":"ESCI"},"image":{"@id":"https:\/\/esci.mmkt.me\/#\/schema\/logo\/image\/"}}]}},"_links":{"self":[{"href":"https:\/\/esci.mmkt.me\/index.php?rest_route=\/wp\/v2\/product\/87","targetHints":{"allow":["GET"]}}],"collection":[{"href":"https:\/\/esci.mmkt.me\/index.php?rest_route=\/wp\/v2\/product"}],"about":[{"href":"https:\/\/esci.mmkt.me\/index.php?rest_route=\/wp\/v2\/types\/product"}],"replies":[{"embeddable":true,"href":"https:\/\/esci.mmkt.me\/index.php?rest_route=%2Fwp%2Fv2%2Fcomments&post=87"}],"version-history":[{"count":2,"href":"https:\/\/esci.mmkt.me\/index.php?rest_route=\/wp\/v2\/product\/87\/revisions"}],"predecessor-version":[{"id":155,"href":"https:\/\/esci.mmkt.me\/index.php?rest_route=\/wp\/v2\/product\/87\/revisions\/155"}],"wp:featuredmedia":[{"embeddable":true,"href":"https:\/\/esci.mmkt.me\/index.php?rest_route=\/wp\/v2\/media\/88"}],"wp:attachment":[{"href":"https:\/\/esci.mmkt.me\/index.php?rest_route=%2Fwp%2Fv2%2Fmedia&parent=87"}],"wp:term":[{"taxonomy":"product_brand","embeddable":true,"href":"https:\/\/esci.mmkt.me\/index.php?rest_route=%2Fwp%2Fv2%2Fproduct_brand&post=87"},{"taxonomy":"product_cat","embeddable":true,"href":"https:\/\/esci.mmkt.me\/index.php?rest_route=%2Fwp%2Fv2%2Fproduct_cat&post=87"},{"taxonomy":"product_tag","embeddable":true,"href":"https:\/\/esci.mmkt.me\/index.php?rest_route=%2Fwp%2Fv2%2Fproduct_tag&post=87"}],"curies":[{"name":"wp","href":"https:\/\/api.w.org\/{rel}","templated":true}]}}