{"id":99,"date":"2025-05-15T19:59:23","date_gmt":"2025-05-15T17:59:23","guid":{"rendered":"https:\/\/esci.mmkt.me\/?post_type=product&#038;p=99"},"modified":"2025-05-15T20:48:37","modified_gmt":"2025-05-15T18:48:37","slug":"alquiler-de-bicicletas-en-sibenik","status":"publish","type":"product","link":"https:\/\/esci.mmkt.me\/?product=alquiler-de-bicicletas-en-sibenik","title":{"rendered":"Alquiler de bicicletas en \u0160ibenik \u2013 Explora la ciudad a tu ritmo"},"content":{"rendered":"<p class=\"\" data-start=\"201\" data-end=\"485\">Descubrir una ciudad en bicicleta es una forma ideal de disfrutar de cada detalle con libertad, sin prisas y de forma sostenible. Nuestro servicio de <a href=\"https:\/\/www.listnride.es\/countries\/croatia\"><strong data-start=\"351\" data-end=\"377\">alquiler de bicicletas<\/strong> en \u0160ibenik<\/a> te ofrece la oportunidad de recorrer tanto el centro hist\u00f3rico como la costa d\u00e1lmata a tu ritmo.<\/p>\n<p class=\"\" data-start=\"487\" data-end=\"749\">Disponemos de bicicletas c\u00f3modas y bien mantenidas, perfectas para todo tipo de usuario. Ya sea que busques un paseo relajado por el casco antiguo o una aventura m\u00e1s larga hacia las playas de Brodarica o el Parque Nacional Krka, tenemos la bici adecuada para ti.<\/p>\n<p class=\"\" data-start=\"751\" data-end=\"765\"><strong data-start=\"751\" data-end=\"763\">Incluye:<\/strong><\/p>\n<ul data-start=\"766\" data-end=\"924\">\n<li class=\"\" data-start=\"766\" data-end=\"821\">\n<p class=\"\" data-start=\"768\" data-end=\"821\">Bicicleta de paseo o h\u00edbrida (seg\u00fan disponibilidad)<\/p>\n<\/li>\n<li class=\"\" data-start=\"822\" data-end=\"833\">\n<p class=\"\" data-start=\"824\" data-end=\"833\">Candado<\/p>\n<\/li>\n<li class=\"\" data-start=\"834\" data-end=\"852\">\n<p class=\"\" data-start=\"836\" data-end=\"852\">Casco opcional<\/p>\n<\/li>\n<li class=\"\" data-start=\"853\" data-end=\"884\">\n<p class=\"\" data-start=\"855\" data-end=\"884\">Mapa con rutas recomendadas<\/p>\n<\/li>\n<li class=\"\" data-start=\"885\" data-end=\"924\">\n<p class=\"\" data-start=\"887\" data-end=\"924\">Asistencia b\u00e1sica en caso de aver\u00eda<\/p>\n<\/li>\n<\/ul>\n<p class=\"\" data-start=\"926\" data-end=\"1160\"><a href=\"https:\/\/esci.mmkt.me\/wp-admin\/post.php?post=99&amp;action=edit\">Los alquileres pueden ser por horas<\/a>, medio d\u00eda o jornadas completas. Nuestro punto de recogida est\u00e1 ubicado en una zona c\u00e9ntrica, f\u00e1cil de encontrar. Adem\u00e1s, nuestro equipo puede ayudarte a planificar rutas seg\u00fan tu nivel e intereses.<\/p>\n<p class=\"\" data-start=\"1162\" data-end=\"1333\">El <strong data-start=\"1165\" data-end=\"1191\">alquiler de bicicletas<\/strong> es ideal para parejas, familias, viajeros activos y cualquier persona que quiera descubrir \u0160ibenik de forma aut\u00e9ntica, ecol\u00f3gica y divertida.<\/p>\n","protected":false},"excerpt":{"rendered":"<p>Descubrir una ciudad en bicicleta es una forma ideal de disfrutar de cada detalle con libertad, sin prisas y de forma sostenible. Nuestro servicio de alquiler de bicicletas en \u0160ibenik te ofrece la oportunidad de recorrer tanto el centro hist\u00f3rico como la costa d\u00e1lmata a tu ritmo. Disponemos de bicicletas c\u00f3modas y bien mantenidas, perfectas&#8230;<\/p>\n","protected":false},"featured_media":101,"comment_status":"open","ping_status":"closed","template":"","meta":{"_kad_post_transparent":"default","_kad_post_title":"","_kad_post_layout":"default","_kad_post_sidebar_id":"","_kad_post_content_style":"default","_kad_post_vertical_padding":"default","_kad_post_feature":"","_kad_post_feature_position":"","_kad_post_header":false,"_kad_post_footer":false},"product_brand":[],"product_cat":[20],"product_tag":[],"class_list":{"0":"post-99","1":"product","2":"type-product","3":"status-publish","4":"has-post-thumbnail","6":"product_cat-outdoor","8":"first","9":"instock","10":"shipping-taxable","11":"purchasable","12":"product-type-variable","13":"entry","14":"content-bg","15":"loop-entry"},"yoast_head":"<!-- This site is optimized with the Yoast SEO plugin v25.1 - https:\/\/yoast.com\/wordpress\/plugins\/seo\/ -->\n<title>Alquiler de bicicletas en \u0160ibenik \u2013 Explora la ciudad a tu ritmo - \u0160i\u017egori\u0107 Palace Experiences\u200b<\/title>\n<meta name=\"description\" content=\"Descubre \u0160ibenik a tu ritmo con nuestro servicio de alquiler de bicicletas. Recorre la ciudad, la costa y rutas naturales de forma c\u00f3moda y sostenible.\" \/>\n<meta name=\"robots\" content=\"index, follow, max-snippet:-1, max-image-preview:large, max-video-preview:-1\" \/>\n<link rel=\"canonical\" href=\"https:\/\/esci.mmkt.me\/?product=alquiler-de-bicicletas-en-sibenik\" \/>\n<meta property=\"og:locale\" content=\"es_ES\" \/>\n<meta property=\"og:type\" content=\"article\" \/>\n<meta property=\"og:title\" content=\"Alquiler de bicicletas en \u0160ibenik \u2013 Explora la ciudad a tu ritmo - \u0160i\u017egori\u0107 Palace Experiences\u200b\" \/>\n<meta property=\"og:description\" content=\"Descubre \u0160ibenik a tu ritmo con nuestro servicio de alquiler de bicicletas. Recorre la ciudad, la costa y rutas naturales de forma c\u00f3moda y sostenible.\" \/>\n<meta property=\"og:url\" content=\"https:\/\/esci.mmkt.me\/?product=alquiler-de-bicicletas-en-sibenik\" \/>\n<meta property=\"og:site_name\" content=\"\u0160i\u017egori\u0107 Palace Experiences\u200b\" \/>\n<meta property=\"article:modified_time\" content=\"2025-05-15T18:48:37+00:00\" \/>\n<meta property=\"og:image\" content=\"https:\/\/esci.mmkt.me\/wp-content\/uploads\/2025\/05\/Cycling_Sibenik.jpeg\" \/>\n\t<meta property=\"og:image:width\" content=\"1800\" \/>\n\t<meta property=\"og:image:height\" content=\"1200\" \/>\n\t<meta property=\"og:image:type\" content=\"image\/jpeg\" \/>\n<meta name=\"twitter:card\" content=\"summary_large_image\" \/>\n<meta name=\"twitter:label1\" content=\"Tiempo de lectura\" \/>\n\t<meta name=\"twitter:data1\" content=\"1 minuto\" \/>\n<script type=\"application\/ld+json\" class=\"yoast-schema-graph\">{\"@context\":\"https:\/\/schema.org\",\"@graph\":[{\"@type\":\"WebPage\",\"@id\":\"https:\/\/esci.mmkt.me\/?product=alquiler-de-bicicletas-en-sibenik\",\"url\":\"https:\/\/esci.mmkt.me\/?product=alquiler-de-bicicletas-en-sibenik\",\"name\":\"Alquiler de bicicletas en \u0160ibenik \u2013 Explora la ciudad a tu ritmo - \u0160i\u017egori\u0107 Palace Experiences\u200b\",\"isPartOf\":{\"@id\":\"https:\/\/esci.mmkt.me\/#website\"},\"primaryImageOfPage\":{\"@id\":\"https:\/\/esci.mmkt.me\/?product=alquiler-de-bicicletas-en-sibenik#primaryimage\"},\"image\":{\"@id\":\"https:\/\/esci.mmkt.me\/?product=alquiler-de-bicicletas-en-sibenik#primaryimage\"},\"thumbnailUrl\":\"https:\/\/esci.mmkt.me\/wp-content\/uploads\/2025\/05\/Cycling_Sibenik.jpeg\",\"datePublished\":\"2025-05-15T17:59:23+00:00\",\"dateModified\":\"2025-05-15T18:48:37+00:00\",\"description\":\"Descubre \u0160ibenik a tu ritmo con nuestro servicio de alquiler de bicicletas. Recorre la ciudad, la costa y rutas naturales de forma c\u00f3moda y sostenible.\",\"breadcrumb\":{\"@id\":\"https:\/\/esci.mmkt.me\/?product=alquiler-de-bicicletas-en-sibenik#breadcrumb\"},\"inLanguage\":\"es\",\"potentialAction\":[{\"@type\":\"ReadAction\",\"target\":[\"https:\/\/esci.mmkt.me\/?product=alquiler-de-bicicletas-en-sibenik\"]}]},{\"@type\":\"ImageObject\",\"inLanguage\":\"es\",\"@id\":\"https:\/\/esci.mmkt.me\/?product=alquiler-de-bicicletas-en-sibenik#primaryimage\",\"url\":\"https:\/\/esci.mmkt.me\/wp-content\/uploads\/2025\/05\/Cycling_Sibenik.jpeg\",\"contentUrl\":\"https:\/\/esci.mmkt.me\/wp-content\/uploads\/2025\/05\/Cycling_Sibenik.jpeg\",\"width\":1800,\"height\":1200},{\"@type\":\"BreadcrumbList\",\"@id\":\"https:\/\/esci.mmkt.me\/?product=alquiler-de-bicicletas-en-sibenik#breadcrumb\",\"itemListElement\":[{\"@type\":\"ListItem\",\"position\":1,\"name\":\"Portada\",\"item\":\"https:\/\/esci.mmkt.me\/\"},{\"@type\":\"ListItem\",\"position\":2,\"name\":\"Tienda\",\"item\":\"https:\/\/esci.mmkt.me\/?page_id=7\"},{\"@type\":\"ListItem\",\"position\":3,\"name\":\"Alquiler de bicicletas en \u0160ibenik \u2013 Explora la ciudad a tu ritmo\"}]},{\"@type\":\"WebSite\",\"@id\":\"https:\/\/esci.mmkt.me\/#website\",\"url\":\"https:\/\/esci.mmkt.me\/\",\"name\":\"ESCI\",\"description\":\"\",\"publisher\":{\"@id\":\"https:\/\/esci.mmkt.me\/#organization\"},\"potentialAction\":[{\"@type\":\"SearchAction\",\"target\":{\"@type\":\"EntryPoint\",\"urlTemplate\":\"https:\/\/esci.mmkt.me\/?s={search_term_string}\"},\"query-input\":{\"@type\":\"PropertyValueSpecification\",\"valueRequired\":true,\"valueName\":\"search_term_string\"}}],\"inLanguage\":\"es\"},{\"@type\":\"Organization\",\"@id\":\"https:\/\/esci.mmkt.me\/#organization\",\"name\":\"ESCI\",\"url\":\"https:\/\/esci.mmkt.me\/\",\"logo\":{\"@type\":\"ImageObject\",\"inLanguage\":\"es\",\"@id\":\"https:\/\/esci.mmkt.me\/#\/schema\/logo\/image\/\",\"url\":\"https:\/\/esci.mmkt.me\/wp-content\/uploads\/2025\/05\/cropped-Black-And-White-Aesthetic-Minimalist-Modern-Simple-Typography-Coconut-Cosmetics-Logo-1.jpg\",\"contentUrl\":\"https:\/\/esci.mmkt.me\/wp-content\/uploads\/2025\/05\/cropped-Black-And-White-Aesthetic-Minimalist-Modern-Simple-Typography-Coconut-Cosmetics-Logo-1.jpg\",\"width\":500,\"height\":200,\"caption\":\"ESCI\"},\"image\":{\"@id\":\"https:\/\/esci.mmkt.me\/#\/schema\/logo\/image\/\"}}]}<\/script>\n<!-- \/ Yoast SEO plugin. -->","yoast_head_json":{"title":"Alquiler de bicicletas en \u0160ibenik \u2013 Explora la ciudad a tu ritmo - \u0160i\u017egori\u0107 Palace Experiences\u200b","description":"Descubre \u0160ibenik a tu ritmo con nuestro servicio de alquiler de bicicletas. Recorre la ciudad, la costa y rutas naturales de forma c\u00f3moda y sostenible.","robots":{"index":"index","follow":"follow","max-snippet":"max-snippet:-1","max-image-preview":"max-image-preview:large","max-video-preview":"max-video-preview:-1"},"canonical":"https:\/\/esci.mmkt.me\/?product=alquiler-de-bicicletas-en-sibenik","og_locale":"es_ES","og_type":"article","og_title":"Alquiler de bicicletas en \u0160ibenik \u2013 Explora la ciudad a tu ritmo - \u0160i\u017egori\u0107 Palace Experiences\u200b","og_description":"Descubre \u0160ibenik a tu ritmo con nuestro servicio de alquiler de bicicletas. Recorre la ciudad, la costa y rutas naturales de forma c\u00f3moda y sostenible.","og_url":"https:\/\/esci.mmkt.me\/?product=alquiler-de-bicicletas-en-sibenik","og_site_name":"\u0160i\u017egori\u0107 Palace Experiences\u200b","article_modified_time":"2025-05-15T18:48:37+00:00","og_image":[{"width":1800,"height":1200,"url":"https:\/\/esci.mmkt.me\/wp-content\/uploads\/2025\/05\/Cycling_Sibenik.jpeg","type":"image\/jpeg"}],"twitter_card":"summary_large_image","twitter_misc":{"Tiempo de lectura":"1 minuto"},"schema":{"@context":"https:\/\/schema.org","@graph":[{"@type":"WebPage","@id":"https:\/\/esci.mmkt.me\/?product=alquiler-de-bicicletas-en-sibenik","url":"https:\/\/esci.mmkt.me\/?product=alquiler-de-bicicletas-en-sibenik","name":"Alquiler de bicicletas en \u0160ibenik \u2013 Explora la ciudad a tu ritmo - \u0160i\u017egori\u0107 Palace Experiences\u200b","isPartOf":{"@id":"https:\/\/esci.mmkt.me\/#website"},"primaryImageOfPage":{"@id":"https:\/\/esci.mmkt.me\/?product=alquiler-de-bicicletas-en-sibenik#primaryimage"},"image":{"@id":"https:\/\/esci.mmkt.me\/?product=alquiler-de-bicicletas-en-sibenik#primaryimage"},"thumbnailUrl":"https:\/\/esci.mmkt.me\/wp-content\/uploads\/2025\/05\/Cycling_Sibenik.jpeg","datePublished":"2025-05-15T17:59:23+00:00","dateModified":"2025-05-15T18:48:37+00:00","description":"Descubre \u0160ibenik a tu ritmo con nuestro servicio de alquiler de bicicletas. Recorre la ciudad, la costa y rutas naturales de forma c\u00f3moda y sostenible.","breadcrumb":{"@id":"https:\/\/esci.mmkt.me\/?product=alquiler-de-bicicletas-en-sibenik#breadcrumb"},"inLanguage":"es","potentialAction":[{"@type":"ReadAction","target":["https:\/\/esci.mmkt.me\/?product=alquiler-de-bicicletas-en-sibenik"]}]},{"@type":"ImageObject","inLanguage":"es","@id":"https:\/\/esci.mmkt.me\/?product=alquiler-de-bicicletas-en-sibenik#primaryimage","url":"https:\/\/esci.mmkt.me\/wp-content\/uploads\/2025\/05\/Cycling_Sibenik.jpeg","contentUrl":"https:\/\/esci.mmkt.me\/wp-content\/uploads\/2025\/05\/Cycling_Sibenik.jpeg","width":1800,"height":1200},{"@type":"BreadcrumbList","@id":"https:\/\/esci.mmkt.me\/?product=alquiler-de-bicicletas-en-sibenik#breadcrumb","itemListElement":[{"@type":"ListItem","position":1,"name":"Portada","item":"https:\/\/esci.mmkt.me\/"},{"@type":"ListItem","position":2,"name":"Tienda","item":"https:\/\/esci.mmkt.me\/?page_id=7"},{"@type":"ListItem","position":3,"name":"Alquiler de bicicletas en \u0160ibenik \u2013 Explora la ciudad a tu ritmo"}]},{"@type":"WebSite","@id":"https:\/\/esci.mmkt.me\/#website","url":"https:\/\/esci.mmkt.me\/","name":"ESCI","description":"","publisher":{"@id":"https:\/\/esci.mmkt.me\/#organization"},"potentialAction":[{"@type":"SearchAction","target":{"@type":"EntryPoint","urlTemplate":"https:\/\/esci.mmkt.me\/?s={search_term_string}"},"query-input":{"@type":"PropertyValueSpecification","valueRequired":true,"valueName":"search_term_string"}}],"inLanguage":"es"},{"@type":"Organization","@id":"https:\/\/esci.mmkt.me\/#organization","name":"ESCI","url":"https:\/\/esci.mmkt.me\/","logo":{"@type":"ImageObject","inLanguage":"es","@id":"https:\/\/esci.mmkt.me\/#\/schema\/logo\/image\/","url":"https:\/\/esci.mmkt.me\/wp-content\/uploads\/2025\/05\/cropped-Black-And-White-Aesthetic-Minimalist-Modern-Simple-Typography-Coconut-Cosmetics-Logo-1.jpg","contentUrl":"https:\/\/esci.mmkt.me\/wp-content\/uploads\/2025\/05\/cropped-Black-And-White-Aesthetic-Minimalist-Modern-Simple-Typography-Coconut-Cosmetics-Logo-1.jpg","width":500,"height":200,"caption":"ESCI"},"image":{"@id":"https:\/\/esci.mmkt.me\/#\/schema\/logo\/image\/"}}]}},"_links":{"self":[{"href":"https:\/\/esci.mmkt.me\/index.php?rest_route=\/wp\/v2\/product\/99","targetHints":{"allow":["GET"]}}],"collection":[{"href":"https:\/\/esci.mmkt.me\/index.php?rest_route=\/wp\/v2\/product"}],"about":[{"href":"https:\/\/esci.mmkt.me\/index.php?rest_route=\/wp\/v2\/types\/product"}],"replies":[{"embeddable":true,"href":"https:\/\/esci.mmkt.me\/index.php?rest_route=%2Fwp%2Fv2%2Fcomments&post=99"}],"version-history":[{"count":2,"href":"https:\/\/esci.mmkt.me\/index.php?rest_route=\/wp\/v2\/product\/99\/revisions"}],"predecessor-version":[{"id":170,"href":"https:\/\/esci.mmkt.me\/index.php?rest_route=\/wp\/v2\/product\/99\/revisions\/170"}],"wp:featuredmedia":[{"embeddable":true,"href":"https:\/\/esci.mmkt.me\/index.php?rest_route=\/wp\/v2\/media\/101"}],"wp:attachment":[{"href":"https:\/\/esci.mmkt.me\/index.php?rest_route=%2Fwp%2Fv2%2Fmedia&parent=99"}],"wp:term":[{"taxonomy":"product_brand","embeddable":true,"href":"https:\/\/esci.mmkt.me\/index.php?rest_route=%2Fwp%2Fv2%2Fproduct_brand&post=99"},{"taxonomy":"product_cat","embeddable":true,"href":"https:\/\/esci.mmkt.me\/index.php?rest_route=%2Fwp%2Fv2%2Fproduct_cat&post=99"},{"taxonomy":"product_tag","embeddable":true,"href":"https:\/\/esci.mmkt.me\/index.php?rest_route=%2Fwp%2Fv2%2Fproduct_tag&post=99"}],"curies":[{"name":"wp","href":"https:\/\/api.w.org\/{rel}","templated":true}]}}